{"id":6540,"date":"2026-01-06T11:00:25","date_gmt":"2026-01-06T11:00:25","guid":{"rendered":"https:\/\/baykalheat.com\/?page_id=6540"},"modified":"2026-01-06T11:02:41","modified_gmt":"2026-01-06T11:02:41","slug":"homeee","status":"publish","type":"page","link":"https:\/\/baykalheat.com\/ar\/homeee\/","title":{"rendered":"Homeee"},"content":{"rendered":"<div data-elementor-type=\"wp-page\" data-elementor-id=\"6540\" class=\"elementor elementor-6540\">\n\t\t\t\t<div class=\"elementor-element elementor-element-8b0a8b2 e-flex e-con-boxed e-con e-parent\" data-id=\"8b0a8b2\" data-element_type=\"container\">\t\t\t<div class=\"e-con-inner\">\r\n\t\t\t\t<div class=\"elementor-element elementor-element-d26f114 elementor-hidden-tablet elementor-hidden-mobile elementor-widget elementor-widget-spacer\" data-id=\"d26f114\" data-element_type=\"widget\" data-widget_type=\"spacer.default\">\n\t\t\t\t\t\t\t<div class=\"elementor-spacer\">\n\t\t\t<div class=\"elementor-spacer-inner\"><\/div>\n\t\t<\/div>\n\t\t\t\t\t\t<\/div>\n\t\t\t\t\t<\/div>\r\n\t\t\t\t<\/div>\r\n\t\t<div class=\"elementor-element elementor-element-cc0fd89 e-con-full e-flex e-con e-parent\" data-id=\"cc0fd89\" data-element_type=\"container\"><div class=\"elementor-element elementor-element-cf486e6 e-grid e-con-full e-con e-child\" data-id=\"cf486e6\" data-element_type=\"container\" data-settings=\"{&quot;shape_divider_bottom&quot;:&quot;opacity-fan&quot;}\">\t\t<div class=\"elementor-shape elementor-shape-bottom\" aria-hidden=\"true\" data-negative=\"false\">\n\t\t\t<svg xmlns=\"http:\/\/www.w3.org\/2000\/svg\" viewbox=\"0 0 283.5 19.6\" preserveaspectratio=\"none\">\n\t<path class=\"elementor-shape-fill\" style=\"opacity:0.33\" d=\"M0 0L0 18.8 141.8 4.1 283.5 18.8 283.5 0z\"\/>\n\t<path class=\"elementor-shape-fill\" style=\"opacity:0.33\" d=\"M0 0L0 12.6 141.8 4 283.5 12.6 283.5 0z\"\/>\n\t<path class=\"elementor-shape-fill\" style=\"opacity:0.33\" d=\"M0 0L0 6.4 141.8 4 283.5 6.4 283.5 0z\"\/>\n\t<path class=\"elementor-shape-fill\" d=\"M0 0L0 1.2 141.8 4 283.5 1.2 283.5 0z\"\/>\n<\/svg>\t\t<\/div>\n\t\t\t\t<div class=\"elementor-element elementor-element-a06aef4 elementor-widget elementor-widget-text-editor\" data-id=\"a06aef4\" data-element_type=\"widget\" data-widget_type=\"text-editor.default\">\n\t\t\t\t\t\t\t\t\t<h3 class=\"hero-title\">\n  <span class=\"baykalheat-logo\">BAYKALHEAT<\/span>\n<h3><span style=\"color: #ffffff;\">Industrial Heating Solutions<\/span><\/h3>\n\u0639\u0646\u0627\u0635\u0631 \u062a\u0633\u062e\u064a\u0646 \u0645\u0635\u0645\u0645\u0629 \u062e\u0635\u064a\u0635\u064b\u0627 \u0644\u062a\u0648\u0641\u064a\u0631 \u0627\u0644\u0623\u062f\u0627\u0621 \u0648\u0627\u0644\u0645\u0648\u062b\u0648\u0642\u064a\u0629.\n\n\n\n<style>\n  .hero-title{\n    display: flex;\n    align-items: center;\n    gap: 14px;\n    margin: 0;\n  }\n\n  .baykalheat-logo{\n    font-family: \"Montserrat\",\"Poppins\",Arial,sans-serif;\n    font-weight: 900;\n    letter-spacing: .08em;\n    text-transform: uppercase;\n    font-size: clamp(30px, 4.5vw, 48px);\n    line-height: 1;\n\n    background: linear-gradient(180deg,\n      #F5BC51 0%,\n      #ED9E40 18%,\n      #D8741F 38%,\n      #9B5022 58%,\n      #C76318 74%,\n      #F1A33F 90%,\n      #F7C86A 100%\n    );\n\n    -webkit-background-clip: text;\n    background-clip: text;\n    color: transparent;\n\n    -webkit-text-stroke: 1px rgba(55, 38, 13, .85);\n\n    text-shadow:\n      0 0 8px rgba(234, 63, 0, .18),\n      0 0 16px rgba(245, 188, 81, .10);\n  }\n\n  .baykalheat-tagline{\n    font-family: \"Montserrat\",\"Poppins\",Arial,sans-serif;\n    font-weight: 500;\n    letter-spacing: .14em;\n    text-transform: uppercase;\n    font-size: clamp(14px, 2vw, 18px);\n    color: #ffffff;\n    line-height: 1;\n    white-space: nowrap;\n  }\n\n  .hero-desc{\n    margin-top: 8px;\n    font-size: 14px;\n    color: #ffffff;\n    letter-spacing: .04em;\n  }\n<\/style>\n\t\t\t\t\t\t\t\t<\/div>\n\t\t\t\t<div class=\"elementor-element elementor-element-411a625 elementor-widget__width-initial elementor-absolute elementor-arrows-position-inside elementor-widget elementor-widget-image-carousel\" data-id=\"411a625\" data-element_type=\"widget\" data-settings=\"{&quot;slides_to_show&quot;:&quot;1&quot;,&quot;navigation&quot;:&quot;arrows&quot;,&quot;_position&quot;:&quot;absolute&quot;,&quot;autoplay&quot;:&quot;yes&quot;,&quot;pause_on_hover&quot;:&quot;yes&quot;,&quot;pause_on_interaction&quot;:&quot;yes&quot;,&quot;autoplay_speed&quot;:5000,&quot;infinite&quot;:&quot;yes&quot;,&quot;effect&quot;:&quot;slide&quot;,&quot;speed&quot;:500}\" data-widget_type=\"image-carousel.default\">\n\t\t\t\t\t\t\t<div class=\"elementor-image-carousel-wrapper swiper\" role=\"region\" aria-roledescription=\"carousel\" aria-label=\"\u0627\u0644\u0631\u0642\u0645 D\u00f6ng\u00fcs\u00fc\" dir=\"ltr\">\n\t\t\t<div class=\"elementor-image-carousel swiper-wrapper\" aria-live=\"off\">\n\t\t\t\t\t\t\t\t<div class=\"swiper-slide\" role=\"group\" aria-roledescription=\"slide\" aria-label=\"1 of 4\"><figure class=\"swiper-slide-inner\"><img decoding=\"async\" class=\"swiper-slide-image\" src=\"https:\/\/baykalheat.com\/wp-content\/uploads\/2026\/01\/aaaaaaaaaaaaa.png\" alt=\"aaaaaaaaaaaaa.png\" \/><\/figure><\/div><div class=\"swiper-slide\" role=\"group\" aria-roledescription=\"slide\" aria-label=\"2 of 4\"><figure class=\"swiper-slide-inner\"><img decoding=\"async\" class=\"swiper-slide-image\" src=\"https:\/\/baykalheat.com\/wp-content\/uploads\/2026\/01\/1.png\" alt=\"1.png\" \/><\/figure><\/div><div class=\"swiper-slide\" role=\"group\" aria-roledescription=\"slide\" aria-label=\"3 of 4\"><figure class=\"swiper-slide-inner\"><img decoding=\"async\" class=\"swiper-slide-image\" src=\"https:\/\/baykalheat.com\/wp-content\/uploads\/2026\/01\/3.png\" alt=\"3.png\" \/><\/figure><\/div><div class=\"swiper-slide\" role=\"group\" aria-roledescription=\"slide\" aria-label=\"4 of 4\"><figure class=\"swiper-slide-inner\"><img decoding=\"async\" class=\"swiper-slide-image\" src=\"https:\/\/baykalheat.com\/wp-content\/uploads\/2026\/01\/2.png\" alt=\"2.png\" \/><\/figure><\/div>\t\t\t<\/div>\n\t\t\t\t\t\t\t\t\t\t\t\t<div class=\"elementor-swiper-button elementor-swiper-button-prev\" role=\"button\" tabindex=\"0\">\n\t\t\t\t\t\t<i aria-hidden=\"true\" class=\"eicon-chevron-left\"><\/i>\t\t\t\t\t<\/div>\n\t\t\t\t\t<div class=\"elementor-swiper-button elementor-swiper-button-next\" role=\"button\" tabindex=\"0\">\n\t\t\t\t\t\t<i aria-hidden=\"true\" class=\"eicon-chevron-right\"><\/i>\t\t\t\t\t<\/div>\n\t\t\t\t\n\t\t\t\t\t\t\t\t\t<\/div>\n\t\t\t\t\t\t<\/div>\n\t\t\t\t<\/div>\r\n\t\t\t\t<\/div>\r\n\t\t<div class=\"elementor-element elementor-element-26c8ac4 e-con-full e-flex e-con e-parent\" data-id=\"26c8ac4\" data-element_type=\"container\" data-settings=\"{&quot;background_background&quot;:&quot;classic&quot;}\"><div class=\"elementor-element elementor-element-f915376 e-flex e-con-boxed e-con e-child\" data-id=\"f915376\" data-element_type=\"container\">\t\t\t<div class=\"e-con-inner\">\r\n\t\t<div class=\"elementor-element elementor-element-0928da8 e-con-full e-flex e-con e-child\" data-id=\"0928da8\" data-element_type=\"container\">\t\t<\/div>\r\n\t\t<div class=\"elementor-element elementor-element-1320a22 e-con-full e-flex e-con e-child\" data-id=\"1320a22\" data-element_type=\"container\">\t\t<\/div>\r\n\t\t\t\t\t<\/div>\r\n\t\t\t\t<\/div>\r\n\t\t<div class=\"elementor-element elementor-element-87d6322 e-flex e-con-boxed e-con e-child\" data-id=\"87d6322\" data-element_type=\"container\">\t\t\t<div class=\"e-con-inner\">\r\n\t\t\t\t\t<\/div>\r\n\t\t\t\t<\/div>\r\n\t\t\t\t<\/div>\r\n\t\t<div class=\"elementor-element elementor-element-e9a4493 e-flex e-con-boxed e-con e-parent\" data-id=\"e9a4493\" data-element_type=\"container\">\t\t\t<div class=\"e-con-inner\">\r\n\t\t\t\t\t<\/div>\r\n\t\t\t\t<\/div>\r\n\t\t<div class=\"elementor-element elementor-element-2336ac5 e-flex e-con-boxed e-con e-parent\" data-id=\"2336ac5\" data-element_type=\"container\">\t\t\t<div class=\"e-con-inner\">\r\n\t\t<div class=\"elementor-element elementor-element-3cc4972 e-con-full e-flex e-con e-child\" data-id=\"3cc4972\" data-element_type=\"container\">\t\t<\/div>\r\n\t\t<div class=\"elementor-element elementor-element-3349d8f e-con-full e-flex e-con e-child\" data-id=\"3349d8f\" data-element_type=\"container\"><div class=\"elementor-element elementor-element-1120c2e e-con-full e-flex e-con e-child\" data-id=\"1120c2e\" data-element_type=\"container\">\t\t<\/div>\r\n\t\t\t\t<\/div>\r\n\t\t\t\t\t<\/div>\r\n\t\t\t\t<\/div>\r\n\t\t<div class=\"elementor-element elementor-element-402849c e-con-full elementor-hidden-desktop elementor-hidden-tablet elementor-hidden-mobile e-flex e-con e-parent\" data-id=\"402849c\" data-element_type=\"container\" data-settings=\"{&quot;background_background&quot;:&quot;classic&quot;}\"><div class=\"elementor-element elementor-element-a4258f8 e-flex e-con-boxed e-con e-child\" data-id=\"a4258f8\" data-element_type=\"container\">\t\t\t<div class=\"e-con-inner\">\r\n\t\t\t\t\t<\/div>\r\n\t\t\t\t<\/div>\r\n\t\t\t\t<\/div>\r\n\t\t<div class=\"elementor-element elementor-element-5faf1f3 e-con-full e-flex e-con e-parent\" data-id=\"5faf1f3\" data-element_type=\"container\" data-settings=\"{&quot;background_background&quot;:&quot;classic&quot;}\"><div class=\"elementor-element elementor-element-e78cef3 e-flex e-con-boxed e-con e-child\" data-id=\"e78cef3\" data-element_type=\"container\" data-settings=\"{&quot;background_background&quot;:&quot;classic&quot;}\">\t\t\t<div class=\"e-con-inner\">\r\n\t\t<div class=\"elementor-element elementor-element-e7d3483 e-con-full e-flex e-con e-child\" data-id=\"e7d3483\" data-element_type=\"container\"><div class=\"elementor-element elementor-element-5f1982f e-con-full e-flex e-con e-child\" data-id=\"5f1982f\" data-element_type=\"container\">\t\t<\/div>\r\n\t\t<div class=\"elementor-element elementor-element-28a97c1 e-con-full e-flex e-con e-child\" data-id=\"28a97c1\" data-element_type=\"container\">\t\t<\/div>\r\n\t\t\t\t<\/div>\r\n\t\t<div class=\"elementor-element elementor-element-cecd7ef e-con-full e-flex e-con e-child\" data-id=\"cecd7ef\" data-element_type=\"container\"><div class=\"elementor-element elementor-element-a823bad e-con-full e-flex e-con e-child\" data-id=\"a823bad\" data-element_type=\"container\">\t\t<\/div>\r\n\t\t<div class=\"elementor-element elementor-element-1a4131e e-con-full e-grid e-con e-child\" data-id=\"1a4131e\" data-element_type=\"container\">\t\t<\/div>\r\n\t\t\t\t<\/div>\r\n\t\t\t\t\t<\/div>\r\n\t\t\t\t<\/div>\r\n\t\t<div class=\"elementor-element elementor-element-5309996 e-con-full e-flex e-con e-child\" data-id=\"5309996\" data-element_type=\"container\">\t\t<\/div>\r\n\t\t\t\t<\/div>\r\n\t\t<div class=\"elementor-element elementor-element-a5eeb48 e-con-full e-flex e-con e-parent\" data-id=\"a5eeb48\" data-element_type=\"container\">\t\t<\/div>\r\n\t\t<div class=\"elementor-element elementor-element-0ddab30 elementor-hidden-desktop elementor-hidden-tablet elementor-hidden-mobile e-flex e-con-boxed e-con e-parent\" data-id=\"0ddab30\" data-element_type=\"container\" data-settings=\"{&quot;background_background&quot;:&quot;classic&quot;}\">\t\t\t<div class=\"e-con-inner\">\r\n\t\t<div class=\"elementor-element elementor-element-4a16cfd e-con-full e-flex e-con e-child\" data-id=\"4a16cfd\" data-element_type=\"container\">\t\t<\/div>\r\n\t\t\t\t\t<\/div>\r\n\t\t\t\t<\/div>\r\n\t\t<div class=\"elementor-element elementor-element-13c6c9b e-flex e-con-boxed e-con e-parent\" data-id=\"13c6c9b\" data-element_type=\"container\" data-settings=\"{&quot;background_background&quot;:&quot;classic&quot;}\">\t\t\t<div class=\"e-con-inner\">\r\n\t\t<div class=\"elementor-element elementor-element-1b47b14 e-con-full e-flex e-con e-child\" data-id=\"1b47b14\" data-element_type=\"container\"><div class=\"elementor-element elementor-element-60b3ab4 e-con-full e-grid e-con e-child\" data-id=\"60b3ab4\" data-element_type=\"container\">\t\t<\/div>\r\n\t\t\t\t<\/div>\r\n\t\t<div class=\"elementor-element elementor-element-52bbdce e-con-full e-flex e-con e-child\" data-id=\"52bbdce\" data-element_type=\"container\" data-settings=\"{&quot;background_background&quot;:&quot;classic&quot;}\">\t\t<\/div>\r\n\t\t\t\t\t<\/div>\r\n\t\t\t\t<\/div>\r\n\t\t<div class=\"elementor-element elementor-element-29743bc e-flex e-con-boxed e-con e-parent\" data-id=\"29743bc\" data-element_type=\"container\" data-settings=\"{&quot;background_background&quot;:&quot;classic&quot;}\">\t\t\t<div class=\"e-con-inner\">\r\n\t\t<div class=\"elementor-element elementor-element-c1dfc84 e-con-full e-flex e-con e-child\" data-id=\"c1dfc84\" data-element_type=\"container\">\t\t<\/div>\r\n\t\t<div class=\"elementor-element elementor-element-ac19b92 e-con-full e-flex e-con e-child\" data-id=\"ac19b92\" data-element_type=\"container\">\t\t<\/div>\r\n\t\t<div class=\"elementor-element elementor-element-a2ce51c e-con-full e-flex e-con e-child\" data-id=\"a2ce51c\" data-element_type=\"container\">\t\t<\/div>\r\n\t\t<div class=\"elementor-element elementor-element-8b3ba15 e-con-full e-flex e-con e-child\" data-id=\"8b3ba15\" data-element_type=\"container\">\t\t<\/div>\r\n\t\t\t\t\t<\/div>\r\n\t\t\t\t<\/div>\r\n\t\t\t\t<\/div>","protected":false},"excerpt":{"rendered":"<p>BAYKALHEAT Industrial Heating Solutions Custom-built heating elements engineered for performance and reliability. OUR PRODUCTS Industrial Heating Products Plate Heaters Flat plate heaters designed to deliver uniform and efficient surface heating for industrial applications. Read More Custom Heaters Custom furnace heating elements designed for stable high temperature performance in industrial furnaces. Read More Flanged Heaters Industrial [&hellip;]<\/p>","protected":false},"author":1,"featured_media":0,"parent":0,"menu_order":0,"comment_status":"closed","ping_status":"closed","template":"elementor_header_footer","meta":{"footnotes":""},"class_list":["post-6540","page","type-page","status-publish","hentry"],"_links":{"self":[{"href":"https:\/\/baykalheat.com\/ar\/wp-json\/wp\/v2\/pages\/6540","targetHints":{"allow":["GET"]}}],"collection":[{"href":"https:\/\/baykalheat.com\/ar\/wp-json\/wp\/v2\/pages"}],"about":[{"href":"https:\/\/baykalheat.com\/ar\/wp-json\/wp\/v2\/types\/page"}],"author":[{"embeddable":true,"href":"https:\/\/baykalheat.com\/ar\/wp-json\/wp\/v2\/users\/1"}],"replies":[{"embeddable":true,"href":"https:\/\/baykalheat.com\/ar\/wp-json\/wp\/v2\/comments?post=6540"}],"version-history":[{"count":0,"href":"https:\/\/baykalheat.com\/ar\/wp-json\/wp\/v2\/pages\/6540\/revisions"}],"wp:attachment":[{"href":"https:\/\/baykalheat.com\/ar\/wp-json\/wp\/v2\/media?parent=6540"}],"curies":[{"name":"wp","href":"https:\/\/api.w.org\/{rel}","templated":true}]}}